{"id":562,"date":"2016-01-18T16:12:46","date_gmt":"2016-01-18T16:12:46","guid":{"rendered":"http:\/\/www.web-design-austin.net\/randolph\/?page_id=562"},"modified":"2018-04-05T14:40:57","modified_gmt":"2018-04-05T14:40:57","slug":"peristaltic-pump-highlights","status":"publish","type":"page","link":"https:\/\/www.randolphaustin.com\/espanol\/peristaltic-pump-highlights\/","title":{"rendered":"Peristaltic Pump Highlights"},"content":{"rendered":"<h3>Puntos destacados de la bomba perist\u00e1ltica Randolph<\/h3>\n<p><strong>Controles:<\/strong><\/p>\n<ul>\n<li>Las bombas perist\u00e1lticas Randolph Austin vienen en una variedad de configuraciones,\u00a0<img loading=\"lazy\" decoding=\"async\" class=\"alignright wp-image-858\" src=\"https:\/\/www.randolphaustin.com\/wp-content\/uploads\/2016\/07\/610-PHO-hing-open-Randolph-Austin-Company.jpg\" alt=\"Randolph Austin Model 610-PHO peristaltic pump Open view of side\" width=\"154\" height=\"154\" \/>que incluyen velocidad fija, velocidad variable y controles reversibles, alimentaci\u00f3n de CC y CA, y modelos a prueba de explosiones. Tambi\u00e9n podemos trabajar con usted para dise\u00f1ar una bomba perist\u00e1ltica de tubo que cumpla con los requisitos espec\u00edficos que solicite.<\/li>\n<\/ul>\n<p><strong>Bombas de tubo de dosificaci\u00f3n precisas:<\/strong><\/p>\n<ul>\n<li><a href=\"https:\/\/www.randolphaustin.com\/precise-metering-tubing-pumps\/\">TP 1000 Series<\/a>: Bomba de dosificaci\u00f3n precisa para aplicaciones de llenado y dosificaci\u00f3n. Flujo calibrado para llenado de lotes peque\u00f1os. Control manual o integrado. Una excelente opci\u00f3n para usos de laboratorio e industriales.<\/li>\n<li><a href=\"https:\/\/www.randolphaustin.com\/industrial-pumps-oem-peristaltic-pumps\/\">TP 4000 Series<\/a>: Bomba dosificadora precisa para aplicaciones de llenado y dosificaci\u00f3n. Flujo calibrado para llenado de lotes peque\u00f1os y aplicaciones de bombas dosificadoras.<\/li>\n<\/ul>\n<h3>OEM Bombas:<\/h3>\n<p><strong>Carcasa moldeada de pl\u00e1stico<\/strong><\/p>\n<ul>\n<li><a href=\"https:\/\/www.randolphaustin.com\/hose-pump-oem-peristaltic-pump\/\">TP3005 Series<\/a>: Una bomba perist\u00e1ltica resistente y peque\u00f1a, para uso en OEM en flujos intermitentes de hasta 812 ml \/ min<\/li>\n<li><a href=\"https:\/\/www.randolphaustin.com\/rotary-pumps-industrial-peristaltic-pump\/\">300 Series<\/a>: Carcasa moldeada de policarbonato. Bomba de desplazamiento positivo, adecuada para uso en OEM en flujo de hasta 1200 ml \/ min con un tubo de DI de 1\/4 &#8221; <\/li>\n<li><a href=\"https:\/\/www.randolphaustin.com\/fluid-pumps-ac-dc-control-peristaltic-pumps\/\">400 Series<\/a>: Bomba de tubo con carcasa moldeada de policarbonato y con flujo de hasta 2800 ml \/ min con un tubo de 1\/4 &#8221; DI<\/li>\n<li><a href=\"https:\/\/www.randolphaustin.com\/industrial-pumps-oem-peristaltic-pumps\/\">TP4000 Series<\/a>: Una bomba vers\u00e1til y de alto rendimiento adecuada para aplicaciones OEM para flujo de hasta 3800 ml \/ min<\/li>\n<\/ul>\n<p><strong>Bombas Peque\u00f1as y Medianas-Peque\u00f1as<\/strong><\/p>\n<ul>\n<li><a href=\"https:\/\/www.randolphaustin.com\/rotary-pump-metering-peristaltic-pump\/\">250 Series<\/a>: Carcasa fabricada con alta precisi\u00f3n en aluminio. Caudal m\u00e1ximo de 450 ml \/ min. Disponible solo como cabezal de bomba o con motor de aire, motor de CC o motor de CA de velocidad fija.<\/li>\n<li><a href=\"https:\/\/www.randolphaustin.com\/rotary-pumps-industrial-peristaltic-pump\/\">300 Series<\/a> es una cabeza de bomba moldeada de policarbonato en la cual es f\u00e1cil de limpiar y cambiar la tuber\u00eda.<\/li>\n<li><a href=\"https:\/\/www.randolphaustin.com\/fluid-pumps-ac-dc-control-peristaltic-pumps\/\">400 Series<\/a> es una bomba de desplazamiento positivo dise\u00f1ada para una m\u00e1xima rentabilidad.<\/li>\n<\/ul>\n<p><strong>Bombas Medianas<\/strong><\/p>\n<ul>\n<li><a href=\"https:\/\/www.randolphaustin.com\/rotary-chemical-pump\/\">500 Series<\/a>: \u00a0Fabricada en carcasa de aluminio. Es una bomba solida, confiable y f\u00e1cil de usar. Disponible con un motor de CC, motor de aire, unidad de velocidad fija de CA, o ensambles a prueba de explosiones. Las bombas de la serie 500 tienen un caudal m\u00e1ximo de poco m\u00e1s de 3\/4 de gal\u00f3n por minuto a 430 rpm con tubos de DI de 1\/4 &#8220;.<\/li>\n<li><a href=\"https:\/\/www.randolphaustin.com\/belt-drive-direct-drive-peristaltic-tube-pumps\/\">610 Series<\/a>: Fabricada en carcasa de aluminio con componentes internos de acero inoxidable. Esta bomba de tubo de montaje en pedestal es un caballo de batalla que est\u00e1 disponible como cabezal de bomba o en diversas configuraciones tales como CA de velocidad fija, impulsor de motor de aire, control de velocidad de CC o ensambles a prueba de explosiones. La serie 610 es una excelente opci\u00f3n para aplicaciones industriales tales como transferencia de tinta, lechada, productos qu\u00edmicos o alimentos. Todas las bombas de la serie 600 tienen un caudal m\u00e1ximo de 3.75 galones por minuto a 430 rpm con un tubo de DI de 1\/2 &#8220;.<\/li>\n<li><a href=\"https:\/\/www.randolphaustin.com\/chemical-pumps-hose-pump\/\">615 Series<\/a>: Esta bomba montada en pedestal se produce a partir de una carcasa 316SS y tiene componentes internos de acero inoxidable. Disponible en todas las configuraciones en la que viene la bomba est\u00e1ndar 610, las bombas de la serie 615 son una excelente opci\u00f3n para aplicaciones alimentarias, farmac\u00e9uticas o industriales.<\/li>\n<li><a href=\"https:\/\/www.randolphaustin.com\/rotary-pump-with-zero-max-reversible-speed-control\/\">620 Series<\/a>: Carcasa de aluminio montada en un soporte en &#8220;L&#8221;. Se puede girar en incrementos de 90 grados para adaptarse mejor a algunos usos.<\/li>\n<li><a href=\"https:\/\/www.randolphaustin.com\/630-series-page\/\">630 Series<\/a>: Dise\u00f1ada para montarse directamente en un reductor de \u00e1ngulo recto, la bomba 630 tiene una huella muy compacta y es una excelente opci\u00f3n para aplicaciones de impresi\u00f3n y OEM. Las cabezas de bomba dobles se pueden montar en un solo motor.<\/li>\n<\/ul>\n<p><strong>Bombas Grandes<\/strong><\/p>\n<ul>\n<li><a href=\"https:\/\/www.randolphaustin.com\/industrial-peristaltic-pumps-explosion-proof-pump\/\">750 Series<\/a>: Con un caudal de hasta 9.5 gpm a 430 rpm, la 750 es una bomba de tubo montada en pedestal que se utiliza ampliamente en aplicaciones de transferencia de papel y pulpa, alimentos, lechada, tinta y fluidos. La bomba est\u00e1 disponible con motores de velocidad fija o variable, motores de aire y en ensambles a prueba de explosi\u00f3n.<\/li>\n<li><a href=\"https:\/\/www.randolphaustin.com\/randolph-industrial-peristaltic-pumps-780-series\/\">780 Series<\/a>: \u00a0Con un caudal de hasta 11.6 galones por minuto a 400 rpm, la serie 780 est\u00e1 dise\u00f1ada para montarse directamente en un reductor de \u00e1ngulo recto para una huella compacta, y est\u00e1 disponible con tres configuraciones de eje diferentes. Este modelo viene de manera est\u00e1ndar con tres rodillos de impulsor y puede configurarse para tubos de pared de 3\/32&#8243; o 3\/16&#8243;. <\/li>\n<li><a href=\"https:\/\/www.randolphaustin.com\/large-fluid-peristaltic-pump\/\">880 Series<\/a>: Esta es actualmente la bomba de tubo de desplazamiento positivo m\u00e1s grande de Randolph Austin, capaz de bombear hasta 21 galones por minuto a 190 RPM. Las bombas de la serie 880 est\u00e1n disponibles en conjuntos de velocidad fija o velocidad variable y pueden manejarse con un motor de aire, un variador de CC o un variador de CA. Una excelente opci\u00f3n para lodos, adhesivos o aplicaciones de transferencia de fluidos.<\/li>\n<\/ul>\n","protected":false},"excerpt":{"rendered":"<p>Puntos destacados de la bomba perist\u00e1ltica Randolph Controles: Las bombas perist\u00e1lticas Randolph Austin vienen en una variedad de configuraciones,\u00a0que incluyen velocidad fija, velocidad variable y controles reversibles, alimentaci\u00f3n de CC y CA, y modelos a prueba de explosiones. Tambi\u00e9n podemos trabajar con usted para dise\u00f1ar una bomba perist\u00e1ltica de tubo que cumpla con los requisitos espec\u00edficos que solicite. Bombas de [&hellip;]<\/p>\n","protected":false},"author":1,"featured_media":0,"parent":0,"menu_order":0,"comment_status":"closed","ping_status":"closed","template":"","meta":{"_monsterinsights_skip_tracking":false,"_monsterinsights_sitenote_active":false,"_monsterinsights_sitenote_note":"","_monsterinsights_sitenote_category":0,"footnotes":""},"yst_prominent_words":[349,368,347,353,375,370,371,373,348,369,365,352,350,346,345,351,374,372,366,367],"class_list":["post-562","page","type-page","status-publish","hentry"],"_links":{"self":[{"href":"https:\/\/www.randolphaustin.com\/espanol\/wp-json\/wp\/v2\/pages\/562","targetHints":{"allow":["GET"]}}],"collection":[{"href":"https:\/\/www.randolphaustin.com\/espanol\/wp-json\/wp\/v2\/pages"}],"about":[{"href":"https:\/\/www.randolphaustin.com\/espanol\/wp-json\/wp\/v2\/types\/page"}],"author":[{"embeddable":true,"href":"https:\/\/www.randolphaustin.com\/espanol\/wp-json\/wp\/v2\/users\/1"}],"replies":[{"embeddable":true,"href":"https:\/\/www.randolphaustin.com\/espanol\/wp-json\/wp\/v2\/comments?post=562"}],"version-history":[{"count":8,"href":"https:\/\/www.randolphaustin.com\/espanol\/wp-json\/wp\/v2\/pages\/562\/revisions"}],"predecessor-version":[{"id":1423,"href":"https:\/\/www.randolphaustin.com\/espanol\/wp-json\/wp\/v2\/pages\/562\/revisions\/1423"}],"wp:attachment":[{"href":"https:\/\/www.randolphaustin.com\/espanol\/wp-json\/wp\/v2\/media?parent=562"}],"wp:term":[{"taxonomy":"yst_prominent_words","embeddable":true,"href":"https:\/\/www.randolphaustin.com\/espanol\/wp-json\/wp\/v2\/yst_prominent_words?post=562"}],"curies":[{"name":"wp","href":"https:\/\/api.w.org\/{rel}","templated":true}]}}