{"id":397,"date":"2015-10-28T18:25:42","date_gmt":"2015-10-28T18:25:42","guid":{"rendered":"http:\/\/www.web-design-austin.net\/randolph\/?page_id=397"},"modified":"2018-04-13T12:46:46","modified_gmt":"2018-04-13T12:46:46","slug":"home","status":"publish","type":"page","link":"https:\/\/www.randolphaustin.com\/espanol\/","title":{"rendered":"Home"},"content":{"rendered":"<table style=\"cellpadding: 0px; cellspacing: 0px; line-height: 1.2;\">\n<tbody>\n<tr>\n<td style=\"text-align: center; width: 38%; vertical-align: top;\">\n<p><span style=\"color: #7b7873; font-size: 32px; font-weight: bold;\"><em>BOMBAS PERIST\u00c1LTICAS CONFIABLES<\/em><\/span><\/p>\n<p><a href=\"https:\/\/www.randolphaustin.com\/espanol\/peristaltic-pump-highlights\/\"><img loading=\"lazy\" decoding=\"async\" class=\"alignnone\" src=\"https:\/\/www.randolphaustin.com\/espanol\/wp-content\/uploads\/2016\/07\/pump_ani.gif\" alt=\"Randolph Austin is a peristaltic pump manufacturer based in Austin Texas\" width=\"361\" height=\"259\" \/><\/a><\/td>\n<td style=\"text-align: center; width: 24%;\"><img decoding=\"async\" src=\"https:\/\/www.randolphaustin.com\/espanol\/wp-content\/uploads\/2018\/04\/starburst-spanish.gif\" alt=\"\" \/><\/td>\n<td style=\"text-align: center; width: 38%; vertical-align: top;\"><span style=\"color: #7b7873; font-size: 32px; font-weight: bold;\"><em>TUBER\u00cdA FLEXIBLE<\/em><\/span><br \/>\n<span style=\"color: #7b7873; font-size: 22px;\"><em>PARA TRANSFERENCIA DE FLUIDO, INCLUYENDO BOMBAS<\/em><\/span><a href=\"http:\/\/www.randolphtubing.com\/espanol\/flexible-tubing\/\"><img loading=\"lazy\" decoding=\"async\" class=\"alignnone\" src=\"https:\/\/www.randolphaustin.com\/espanol\/wp-content\/uploads\/2016\/07\/sample-tubes.png\" alt=\"Randolph Tubing: there is no better flexible tubing for peristaltic pumps.\" width=\"311\" height=\"273\" \/><\/a><\/td>\n<\/tr>\n<tr>\n<td>\n<p><strong>\u00bfBombas dosificadoras precisas? \u00bfBombas de tinta? \u00bfBombas industriales resistentes? Las bombas perist\u00e1lticas Randolph son las bombas que nunca se mojan, que nunca entran en contacto con lo que bombean.<\/strong><\/p>\n<p>Las bombas perist\u00e1lticas Randolph son de peque\u00f1as a grandes, bombean desde 0.0015 litros (1\/3 de cucharadita o 0.05 onzas l\u00edquidas) por minuto, hasta 79.5 litros (21 galones) por minuto. Son precisas y resistentes, solidas y f\u00e1ciles de usar. Fabricamos bombas de desplazamiento positivo para diferentes aplicaciones, desde bombas dosificadoras precisas para aplicaciones m\u00e9dicas y farmac\u00e9uticas, pasando por bombas de tinta OEM para flexograf\u00eda y otras prensas de impresi\u00f3n, hasta bombas medianas y grandes para la industria de alimentos y bebidas, y otras aplicaciones de transferencia de fluidos. Incluso hacemos bombas a prueba de explosiones. Los controles pueden incluir velocidad variable, velocidad reversible, bombas perist\u00e1lticas accionadas a distancia, y velocidad fija, con controles operables en CA o CC. Tambi\u00e9n incluso, bajo pedido, dise\u00f1amos y fabricamos un ensamblaje a la medida requerida.<\/p>\n<p>Durante m\u00e1s de 65 a\u00f1os, Randolph Austin ha fabricado y vendido bombas perist\u00e1lticas solidas y confiables. Tenemos bombas de desplazamiento positivo (<a href=\"https:\/\/www.randolphaustin.com\/espanol\/peristaltic-pump-highlights\/\">bombas de tubo, en donde una leva empuja el fluido hacia adelante atreves de un tubo flexible<\/a>) para pr\u00e1cticamente cualquier aplicaci\u00f3n donde la bomba no pueda entrar en contacto con el fluido que se transfiere. Cont\u00e1ctenos ahora y obtenga la bomba que necesita.<\/td>\n<td><\/td>\n<td>\n<p><strong>Randolph Tubing fabrica tubos de tolerancia estricta, flexibles y muy duraderos para la mayor\u00eda de las aplicaciones de transferencia de fluidos.<\/strong><\/p>\n<p>Los tubos flexibles Randolph son ideales para uso intensivo en bombas perist\u00e1lticas, as\u00ed como en la transferencia general de fluidos, incluidos \u00e1cidos fuertes, tintas y solventes, y materiales abrasivos.<\/p>\n<p><strong><em>Cilran\u2122\u00a0<\/em><\/strong> para soluciones fuertes de \u00e1cido y \u00e1lcali.<\/p>\n<p><strong><em>ED-Plex\u2122\u00a0<\/em><\/strong> para \u00e1cido, \u00e1lcali y muchos alcoholes. Buena tuber\u00eda de uso general.<\/p>\n<p><strong><em>Prothane II\u2122\u00a0<\/em><\/strong> para tintas, lodos y materiales viscosos: las propiedades de resistencia a la tracci\u00f3n y flexi\u00f3n lo hacen excelente para las bombas perist\u00e1lticas.<\/p>\n<p><strong><em>Povinal\u2122<\/em><\/strong>\u00a0 para solventes alif\u00e1ticos, arom\u00e1ticos y clorados. Altamente flexible, excelente para bombas de manguera.<\/p>\n<p><strong><em>Vytex\u2122<\/em><\/strong>\u00a0 para alimentos, bebidas y aplicaciones de uso general. Taladro interno liso, para limpieza f\u00e1cil.<\/p>\n<p><strong><em>T-Alimen\u2122<\/em><\/strong>\u00a0 para tubos aptos en el manejo de alimentos y bebidas.<\/td>\n<\/tr>\n<\/tbody>\n<\/table>\n<p>&nbsp;<\/p>\n<table>\n<tbody>\n<tr>\n<td style=\"width: 45%;\">\n<div style=\"border: 1px solid #c0c0c0; line-height: 1.2; padding: 5px 5px 5px 10px;\">\n<p><strong><em><span style=\"color: #005aad; font-size: 18px;\">Ensambles de bomba a la medida<\/span><br \/>\n\u00bfNo encuentra exactamente lo que necesita?<\/em><\/strong><\/p>\n<p><span style=\"color: #005aad;\"><strong>\u00a1No hay problema!<\/strong><\/span><br \/>\nPor a\u00f1os, en Randolph Austin Company, hemos estado construyendo conjuntos de bombas sobre medida para nuestros clientes.<\/p>\n<p><span style=\"color: #005aad;\"><strong>Llame al 512.282.1590 extensi\u00f3n 121 para asesoramiento competente en la selecci\u00f3n del producto adecuado a sus necesidades.<\/strong><\/span><\/p>\n<p style=\"text-align: right;\"><a href=\"https:\/\/www.randolphaustin.com\/whats-new\/\"><em>Conozca mas sobre. . .<\/em><\/a><\/p>\n<p><img loading=\"lazy\" decoding=\"async\" class=\"aligncenter size-full wp-image-737\" src=\"https:\/\/www.randolphaustin.com\/espanol\/wp-content\/uploads\/2016\/07\/pumps-featured-home-2.jpg\" alt=\"pumps-featured-home-2\" width=\"458\" height=\"127\" \/><\/p>\n<\/div>\n<\/td>\n<td><\/td>\n<td style=\"width: 45%;\">\n<div style=\"border: 1px solid #c0c0c0; padding: 5px 5px 5px 10px;\"><span style=\"color: #005aad;\"><strong>Soluciones en bombas perist\u00e1lticas,<br \/>\nseg\u00fan la industria en que se requiere<\/strong><\/span><br \/>\n<span style=\"color: #005aad;\"><strong>&gt;<\/strong><\/span> Medicinas, Alimentos y Bebidas<br \/>\n<span style=\"color: #005aad;\"><strong>&gt;<\/strong><\/span> Agua y Aguas Residuales<br \/>\n<span style=\"color: #005aad;\"><strong>&gt;<\/strong><\/span> OEM &#8220;original equipment manufacturer&#8221;, subcontrataci\u00f3n para fabricaci\u00f3n de equipos originales<br \/>\n<span style=\"color: #005aad;\"><strong>&gt;<\/strong><\/span> Pulpa y papel<br \/>\n<span style=\"color: #005aad;\"><strong>&gt;<\/strong><\/span> Impresi\u00f3n y embalaje<br \/>\n<span style=\"color: #005aad;\"><strong>&gt;<\/strong><\/span> Pinturas y Pigmentos<br \/>\n<span style=\"color: #005aad;\"><strong>&gt;<\/strong><\/span> Fuerzas Armadas, Defensa Militar<\/div>\n<\/td>\n<\/tr>\n<\/tbody>\n<\/table>\n<p><\/p>\n","protected":false},"excerpt":{"rendered":"<p>BOMBAS PERIST\u00c1LTICAS CONFIABLES TUBER\u00cdA FLEXIBLE PARA TRANSFERENCIA DE FLUIDO, INCLUYENDO BOMBAS \u00bfBombas dosificadoras precisas? \u00bfBombas de tinta? \u00bfBombas industriales resistentes? Las bombas perist\u00e1lticas Randolph son las bombas que nunca se mojan, que nunca entran en contacto con lo que bombean. Las bombas perist\u00e1lticas Randolph son de peque\u00f1as a grandes, bombean desde 0.0015 litros (1\/3 de cucharadita o 0.05 onzas l\u00edquidas) [&hellip;]<\/p>\n","protected":false},"author":1,"featured_media":0,"parent":0,"menu_order":0,"comment_status":"closed","ping_status":"closed","template":"template-fullwidth.php","meta":{"_monsterinsights_skip_tracking":false,"_monsterinsights_sitenote_active":false,"_monsterinsights_sitenote_note":"","_monsterinsights_sitenote_category":0,"footnotes":""},"yst_prominent_words":[341,342,339,337,321,324,318,322,327,319,343,338,328,340,344,325,323,320,317,326],"class_list":["post-397","page","type-page","status-publish","hentry"],"_links":{"self":[{"href":"https:\/\/www.randolphaustin.com\/espanol\/wp-json\/wp\/v2\/pages\/397","targetHints":{"allow":["GET"]}}],"collection":[{"href":"https:\/\/www.randolphaustin.com\/espanol\/wp-json\/wp\/v2\/pages"}],"about":[{"href":"https:\/\/www.randolphaustin.com\/espanol\/wp-json\/wp\/v2\/types\/page"}],"author":[{"embeddable":true,"href":"https:\/\/www.randolphaustin.com\/espanol\/wp-json\/wp\/v2\/users\/1"}],"replies":[{"embeddable":true,"href":"https:\/\/www.randolphaustin.com\/espanol\/wp-json\/wp\/v2\/comments?post=397"}],"version-history":[{"count":27,"href":"https:\/\/www.randolphaustin.com\/espanol\/wp-json\/wp\/v2\/pages\/397\/revisions"}],"predecessor-version":[{"id":1427,"href":"https:\/\/www.randolphaustin.com\/espanol\/wp-json\/wp\/v2\/pages\/397\/revisions\/1427"}],"wp:attachment":[{"href":"https:\/\/www.randolphaustin.com\/espanol\/wp-json\/wp\/v2\/media?parent=397"}],"wp:term":[{"taxonomy":"yst_prominent_words","embeddable":true,"href":"https:\/\/www.randolphaustin.com\/espanol\/wp-json\/wp\/v2\/yst_prominent_words?post=397"}],"curies":[{"name":"wp","href":"https:\/\/api.w.org\/{rel}","templated":true}]}}